{"id":2,"date":"2023-09-01T14:35:34","date_gmt":"2023-09-01T14:35:34","guid":{"rendered":"https:\/\/web4.rkinformatika.net\/masbizkaia\/?page_id=2"},"modified":"2023-09-06T09:40:07","modified_gmt":"2023-09-06T09:40:07","slug":"inicio","status":"publish","type":"page","link":"https:\/\/masbizkaia.com\/eu\/","title":{"rendered":"Hasiera"},"content":{"rendered":"<div data-elementor-type=\"wp-page\" data-elementor-id=\"2\" class=\"elementor elementor-2\" data-elementor-post-type=\"page\">\n\t\t\t\t\t\t<section class=\"elementor-section elementor-top-section elementor-element elementor-element-e2f6e54 elementor-section-boxed elementor-section-height-default elementor-section-height-default\" data-id=\"e2f6e54\" data-element_type=\"section\" data-e-type=\"section\" data-settings=\"{&quot;background_background&quot;:&quot;classic&quot;}\">\n\t\t\t\t\t\t\t<div class=\"elementor-background-overlay\"><\/div>\n\t\t\t\t\t\t\t<div class=\"elementor-container elementor-column-gap-default\">\n\t\t\t\t\t<div class=\"elementor-column elementor-col-100 elementor-top-column elementor-element elementor-element-da06fac\" data-id=\"da06fac\" data-element_type=\"column\" data-e-type=\"column\">\n\t\t\t<div class=\"elementor-widget-wrap elementor-element-populated\">\n\t\t\t\t\t\t\t<\/div>\n\t\t<\/div>\n\t\t\t\t\t<\/div>\n\t\t<\/section>\n\t\t\t\t<section class=\"elementor-section elementor-top-section elementor-element elementor-element-3d243b2 elementor-section-full_width elementor-section-height-default elementor-section-height-default\" data-id=\"3d243b2\" data-element_type=\"section\" data-e-type=\"section\">\n\t\t\t\t\t\t<div class=\"elementor-container elementor-column-gap-default\">\n\t\t\t\t\t<div class=\"elementor-column elementor-col-33 elementor-top-column elementor-element elementor-element-2a19c6d\" data-id=\"2a19c6d\" data-element_type=\"column\" data-e-type=\"column\">\n\t\t\t<div class=\"elementor-widget-wrap elementor-element-populated\">\n\t\t\t\t\t\t<div class=\"elementor-element elementor-element-66e2cee elementor-widget-divider--view-line elementor-widget elementor-widget-divider\" data-id=\"66e2cee\" data-element_type=\"widget\" data-e-type=\"widget\" data-widget_type=\"divider.default\">\n\t\t\t\t<div class=\"elementor-widget-container\">\n\t\t\t\t\t\t\t<div class=\"elementor-divider\">\n\t\t\t<span class=\"elementor-divider-separator\">\n\t\t\t\t\t\t<\/span>\n\t\t<\/div>\n\t\t\t\t\t\t<\/div>\n\t\t\t\t<\/div>\n\t\t\t\t\t<\/div>\n\t\t<\/div>\n\t\t\t\t<div class=\"elementor-column elementor-col-33 elementor-top-column elementor-element elementor-element-f5af217\" data-id=\"f5af217\" data-element_type=\"column\" data-e-type=\"column\">\n\t\t\t<div class=\"elementor-widget-wrap elementor-element-populated\">\n\t\t\t\t\t\t<div class=\"elementor-element elementor-element-02e4372 elementor-widget elementor-widget-heading\" data-id=\"02e4372\" data-element_type=\"widget\" data-e-type=\"widget\" data-widget_type=\"heading.default\">\n\t\t\t\t<div class=\"elementor-widget-container\">\n\t\t\t\t\t<h2 class=\"elementor-heading-title elementor-size-default\">Guri Buruz <\/h2>\t\t\t\t<\/div>\n\t\t\t\t<\/div>\n\t\t\t\t\t<\/div>\n\t\t<\/div>\n\t\t\t\t<div class=\"elementor-column elementor-col-33 elementor-top-column elementor-element elementor-element-e42c482\" data-id=\"e42c482\" data-element_type=\"column\" data-e-type=\"column\">\n\t\t\t<div class=\"elementor-widget-wrap elementor-element-populated\">\n\t\t\t\t\t\t<div class=\"elementor-element elementor-element-2705a78 elementor-widget-divider--view-line elementor-widget elementor-widget-divider\" data-id=\"2705a78\" data-element_type=\"widget\" data-e-type=\"widget\" data-widget_type=\"divider.default\">\n\t\t\t\t<div class=\"elementor-widget-container\">\n\t\t\t\t\t\t\t<div class=\"elementor-divider\">\n\t\t\t<span class=\"elementor-divider-separator\">\n\t\t\t\t\t\t<\/span>\n\t\t<\/div>\n\t\t\t\t\t\t<\/div>\n\t\t\t\t<\/div>\n\t\t\t\t\t<\/div>\n\t\t<\/div>\n\t\t\t\t\t<\/div>\n\t\t<\/section>\n\t\t\t\t<section class=\"elementor-section elementor-top-section elementor-element elementor-element-c7e0193 elementor-section-boxed elementor-section-height-default elementor-section-height-default\" data-id=\"c7e0193\" data-element_type=\"section\" data-e-type=\"section\">\n\t\t\t\t\t\t<div class=\"elementor-container elementor-column-gap-default\">\n\t\t\t\t\t<div class=\"elementor-column elementor-col-50 elementor-top-column elementor-element elementor-element-df65c50\" data-id=\"df65c50\" data-element_type=\"column\" data-e-type=\"column\" data-settings=\"{&quot;background_background&quot;:&quot;classic&quot;}\">\n\t\t\t<div class=\"elementor-widget-wrap\">\n\t\t\t\t\t\t\t<\/div>\n\t\t<\/div>\n\t\t\t\t<div class=\"elementor-column elementor-col-50 elementor-top-column elementor-element elementor-element-c6871d2\" data-id=\"c6871d2\" data-element_type=\"column\" data-e-type=\"column\">\n\t\t\t<div class=\"elementor-widget-wrap elementor-element-populated\">\n\t\t\t\t\t\t<div class=\"elementor-element elementor-element-9dec970 elementor-widget elementor-widget-text-editor\" data-id=\"9dec970\" data-element_type=\"widget\" data-e-type=\"widget\" data-widget_type=\"text-editor.default\">\n\t\t\t\t<div class=\"elementor-widget-container\">\n\t\t\t\t\t\t\t\t\t<p>Gure enpresa zerbitzu sorta zabala eskaintzen espezializatzen da, bere etxerako, komunitateetarako eta enpresa txiki eta ertainetarako mantentze-lanak, konponketak eta instalazioa barne. Harro gaude esperientzia eta trebetasun maila handia eskaintzeaz, urteetan zehar hainbat lanbide eta alorretan lan eginez hobetu duguna. Gure taldeak diziplina anitzeko esperientzia handia eskuratu du, eta horri esker, ia edozein lan egin ahal izan dugu, konplexuagoa edo desafiatzaileagoa badirudi ere. Kalitate handiko lana eta bezeroarentzako aparteko zerbitzua ematearen garrantzia ulertzen dugu, eta gure bezero guztien gogobetetze osoa lortzen ahalegintzen gara. Gure historia zabalarekin eta dedikatutako talde batekin, lana lehenengoan ondo egingo dugula espero dezake. Eskerrik asko zure mantentze-lanetarako eta konponketarako.<\/p>\t\t\t\t\t\t\t\t<\/div>\n\t\t\t\t<\/div>\n\t\t\t\t\t<\/div>\n\t\t<\/div>\n\t\t\t\t\t<\/div>\n\t\t<\/section>\n\t\t\t\t<\/div>","protected":false},"excerpt":{"rendered":"<p>Sobre Nosotros Nuestra empresa se especializa en proporcionar una amplia gama de servicios, incluyendo el mantenimiento, reparaci\u00f3n e instalaci\u00f3n para su hogar, comunidades y peque\u00f1as y medianas empresas. Estamos orgullosos de ofrecer un alto nivel de experiencia y habilidad que hemos perfeccionado a lo largo de los a\u00f1os trabajando en una variedad de oficios y [&hellip;]<\/p>\n","protected":false},"author":1,"featured_media":0,"parent":0,"menu_order":0,"comment_status":"closed","ping_status":"closed","template":"","meta":{"footnotes":""},"class_list":["post-2","page","type-page","status-publish","hentry"],"yoast_head":"<!-- This site is optimized with the Yoast SEO plugin v27.3 - https:\/\/yoast.com\/product\/yoast-seo-wordpress\/ -->\n<title>In\u00edcio - MAS Bizkaia<\/title>\n<meta name=\"robots\" content=\"index, follow, max-snippet:-1, max-image-preview:large, max-video-preview:-1\" \/>\n<link rel=\"canonical\" href=\"https:\/\/masbizkaia.com\/eu\/\" \/>\n<meta property=\"og:locale\" content=\"en_US\" \/>\n<meta property=\"og:type\" content=\"article\" \/>\n<meta property=\"og:title\" content=\"In\u00edcio - MAS Bizkaia\" \/>\n<meta property=\"og:description\" content=\"Sobre Nosotros Nuestra empresa se especializa en proporcionar una amplia gama de servicios, incluyendo el mantenimiento, reparaci\u00f3n e instalaci\u00f3n para su hogar, comunidades y peque\u00f1as y medianas empresas. Estamos orgullosos de ofrecer un alto nivel de experiencia y habilidad que hemos perfeccionado a lo largo de los a\u00f1os trabajando en una variedad de oficios y [&hellip;]\" \/>\n<meta property=\"og:url\" content=\"https:\/\/masbizkaia.com\/eu\/\" \/>\n<meta property=\"og:site_name\" content=\"MAS Bizkaia\" \/>\n<meta property=\"article:modified_time\" content=\"2023-09-06T09:40:07+00:00\" \/>\n<meta name=\"twitter:card\" content=\"summary_large_image\" \/>\n<meta name=\"twitter:label1\" content=\"Est. reading time\" \/>\n\t<meta name=\"twitter:data1\" content=\"1 minutua\" \/>\n<script type=\"application\/ld+json\" class=\"yoast-schema-graph\">{\"@context\":\"https:\\\/\\\/schema.org\",\"@graph\":[{\"@type\":\"WebPage\",\"@id\":\"https:\\\/\\\/masbizkaia.com\\\/\",\"url\":\"https:\\\/\\\/masbizkaia.com\\\/\",\"name\":\"In\u00edcio - MAS Bizkaia\",\"isPartOf\":{\"@id\":\"https:\\\/\\\/masbizkaia.com\\\/#website\"},\"datePublished\":\"2023-09-01T14:35:34+00:00\",\"dateModified\":\"2023-09-06T09:40:07+00:00\",\"breadcrumb\":{\"@id\":\"https:\\\/\\\/masbizkaia.com\\\/#breadcrumb\"},\"inLanguage\":\"eu\",\"potentialAction\":[{\"@type\":\"ReadAction\",\"target\":[\"https:\\\/\\\/masbizkaia.com\\\/\"]}]},{\"@type\":\"BreadcrumbList\",\"@id\":\"https:\\\/\\\/masbizkaia.com\\\/#breadcrumb\",\"itemListElement\":[{\"@type\":\"ListItem\",\"position\":1,\"name\":\"Portada\",\"item\":\"https:\\\/\\\/masbizkaia.com\\\/\"},{\"@type\":\"ListItem\",\"position\":2,\"name\":\"In\u00edcio\"}]},{\"@type\":\"WebSite\",\"@id\":\"https:\\\/\\\/masbizkaia.com\\\/#website\",\"url\":\"https:\\\/\\\/masbizkaia.com\\\/\",\"name\":\"MAS Bizkaia\",\"description\":\"\",\"publisher\":{\"@id\":\"https:\\\/\\\/masbizkaia.com\\\/#organization\"},\"potentialAction\":[{\"@type\":\"SearchAction\",\"target\":{\"@type\":\"EntryPoint\",\"urlTemplate\":\"https:\\\/\\\/masbizkaia.com\\\/?s={search_term_string}\"},\"query-input\":{\"@type\":\"PropertyValueSpecification\",\"valueRequired\":true,\"valueName\":\"search_term_string\"}}],\"inLanguage\":\"eu\"},{\"@type\":\"Organization\",\"@id\":\"https:\\\/\\\/masbizkaia.com\\\/#organization\",\"name\":\"MAS Bizkaia\",\"url\":\"https:\\\/\\\/masbizkaia.com\\\/\",\"logo\":{\"@type\":\"ImageObject\",\"inLanguage\":\"eu\",\"@id\":\"https:\\\/\\\/masbizkaia.com\\\/#\\\/schema\\\/logo\\\/image\\\/\",\"url\":\"https:\\\/\\\/masbizkaia.com\\\/wp-content\\\/uploads\\\/2023\\\/09\\\/cropped-LOGO-MASBizkaia-MAS-Bizkaia-Mantenimiento-Asistencia-Servicios.png\",\"contentUrl\":\"https:\\\/\\\/masbizkaia.com\\\/wp-content\\\/uploads\\\/2023\\\/09\\\/cropped-LOGO-MASBizkaia-MAS-Bizkaia-Mantenimiento-Asistencia-Servicios.png\",\"width\":825,\"height\":235,\"caption\":\"MAS Bizkaia\"},\"image\":{\"@id\":\"https:\\\/\\\/masbizkaia.com\\\/#\\\/schema\\\/logo\\\/image\\\/\"}}]}<\/script>\n<!-- \/ Yoast SEO plugin. -->","yoast_head_json":{"title":"In\u00edcio - MAS Bizkaia","robots":{"index":"index","follow":"follow","max-snippet":"max-snippet:-1","max-image-preview":"max-image-preview:large","max-video-preview":"max-video-preview:-1"},"canonical":"https:\/\/masbizkaia.com\/eu\/","og_locale":"en_US","og_type":"article","og_title":"In\u00edcio - MAS Bizkaia","og_description":"Sobre Nosotros Nuestra empresa se especializa en proporcionar una amplia gama de servicios, incluyendo el mantenimiento, reparaci\u00f3n e instalaci\u00f3n para su hogar, comunidades y peque\u00f1as y medianas empresas. Estamos orgullosos de ofrecer un alto nivel de experiencia y habilidad que hemos perfeccionado a lo largo de los a\u00f1os trabajando en una variedad de oficios y [&hellip;]","og_url":"https:\/\/masbizkaia.com\/eu\/","og_site_name":"MAS Bizkaia","article_modified_time":"2023-09-06T09:40:07+00:00","twitter_card":"summary_large_image","twitter_misc":{"Est. reading time":"1 minutua"},"schema":{"@context":"https:\/\/schema.org","@graph":[{"@type":"WebPage","@id":"https:\/\/masbizkaia.com\/","url":"https:\/\/masbizkaia.com\/","name":"In\u00edcio - MAS Bizkaia","isPartOf":{"@id":"https:\/\/masbizkaia.com\/#website"},"datePublished":"2023-09-01T14:35:34+00:00","dateModified":"2023-09-06T09:40:07+00:00","breadcrumb":{"@id":"https:\/\/masbizkaia.com\/#breadcrumb"},"inLanguage":"eu","potentialAction":[{"@type":"ReadAction","target":["https:\/\/masbizkaia.com\/"]}]},{"@type":"BreadcrumbList","@id":"https:\/\/masbizkaia.com\/#breadcrumb","itemListElement":[{"@type":"ListItem","position":1,"name":"Portada","item":"https:\/\/masbizkaia.com\/"},{"@type":"ListItem","position":2,"name":"In\u00edcio"}]},{"@type":"WebSite","@id":"https:\/\/masbizkaia.com\/#website","url":"https:\/\/masbizkaia.com\/","name":"MAS Bizkaia","description":"","publisher":{"@id":"https:\/\/masbizkaia.com\/#organization"},"potentialAction":[{"@type":"SearchAction","target":{"@type":"EntryPoint","urlTemplate":"https:\/\/masbizkaia.com\/?s={search_term_string}"},"query-input":{"@type":"PropertyValueSpecification","valueRequired":true,"valueName":"search_term_string"}}],"inLanguage":"eu"},{"@type":"Organization","@id":"https:\/\/masbizkaia.com\/#organization","name":"MAS Bizkaia","url":"https:\/\/masbizkaia.com\/","logo":{"@type":"ImageObject","inLanguage":"eu","@id":"https:\/\/masbizkaia.com\/#\/schema\/logo\/image\/","url":"https:\/\/masbizkaia.com\/wp-content\/uploads\/2023\/09\/cropped-LOGO-MASBizkaia-MAS-Bizkaia-Mantenimiento-Asistencia-Servicios.png","contentUrl":"https:\/\/masbizkaia.com\/wp-content\/uploads\/2023\/09\/cropped-LOGO-MASBizkaia-MAS-Bizkaia-Mantenimiento-Asistencia-Servicios.png","width":825,"height":235,"caption":"MAS Bizkaia"},"image":{"@id":"https:\/\/masbizkaia.com\/#\/schema\/logo\/image\/"}}]}},"_links":{"self":[{"href":"https:\/\/masbizkaia.com\/eu\/wp-json\/wp\/v2\/pages\/2","targetHints":{"allow":["GET"]}}],"collection":[{"href":"https:\/\/masbizkaia.com\/eu\/wp-json\/wp\/v2\/pages"}],"about":[{"href":"https:\/\/masbizkaia.com\/eu\/wp-json\/wp\/v2\/types\/page"}],"author":[{"embeddable":true,"href":"https:\/\/masbizkaia.com\/eu\/wp-json\/wp\/v2\/users\/1"}],"replies":[{"embeddable":true,"href":"https:\/\/masbizkaia.com\/eu\/wp-json\/wp\/v2\/comments?post=2"}],"version-history":[{"count":28,"href":"https:\/\/masbizkaia.com\/eu\/wp-json\/wp\/v2\/pages\/2\/revisions"}],"predecessor-version":[{"id":223,"href":"https:\/\/masbizkaia.com\/eu\/wp-json\/wp\/v2\/pages\/2\/revisions\/223"}],"wp:attachment":[{"href":"https:\/\/masbizkaia.com\/eu\/wp-json\/wp\/v2\/media?parent=2"}],"curies":[{"name":"wp","href":"https:\/\/api.w.org\/{rel}","templated":true}]}}