{"id":13,"date":"2023-09-01T14:45:05","date_gmt":"2023-09-01T14:45:05","guid":{"rendered":"https:\/\/web4.rkinformatika.net\/masbizkaia\/?page_id=13"},"modified":"2023-09-04T10:17:18","modified_gmt":"2023-09-04T10:17:18","slug":"servicios","status":"publish","type":"page","link":"https:\/\/masbizkaia.com\/eu\/servicios\/","title":{"rendered":"Zerbitzuak"},"content":{"rendered":"<div data-elementor-type=\"wp-page\" data-elementor-id=\"13\" class=\"elementor elementor-13\" data-elementor-post-type=\"page\">\n\t\t\t\t\t\t<section class=\"elementor-section elementor-top-section elementor-element elementor-element-65f875c elementor-section-boxed elementor-section-height-default elementor-section-height-default\" data-id=\"65f875c\" data-element_type=\"section\" data-e-type=\"section\" data-settings=\"{&quot;background_background&quot;:&quot;classic&quot;}\">\n\t\t\t\t\t\t\t<div class=\"elementor-background-overlay\"><\/div>\n\t\t\t\t\t\t\t<div class=\"elementor-container elementor-column-gap-default\">\n\t\t\t\t\t<div class=\"elementor-column elementor-col-100 elementor-top-column elementor-element elementor-element-52591d5\" data-id=\"52591d5\" data-element_type=\"column\" data-e-type=\"column\">\n\t\t\t<div class=\"elementor-widget-wrap elementor-element-populated\">\n\t\t\t\t\t\t\t<\/div>\n\t\t<\/div>\n\t\t\t\t\t<\/div>\n\t\t<\/section>\n\t\t\t\t<section class=\"elementor-section elementor-top-section elementor-element elementor-element-3c9e554 elementor-section-full_width elementor-section-height-default elementor-section-height-default\" data-id=\"3c9e554\" data-element_type=\"section\" data-e-type=\"section\">\n\t\t\t\t\t\t<div class=\"elementor-container elementor-column-gap-default\">\n\t\t\t\t\t<div class=\"elementor-column elementor-col-33 elementor-top-column elementor-element elementor-element-e49b043\" data-id=\"e49b043\" data-element_type=\"column\" data-e-type=\"column\">\n\t\t\t<div class=\"elementor-widget-wrap elementor-element-populated\">\n\t\t\t\t\t\t<div class=\"elementor-element elementor-element-c7400a3 elementor-widget-divider--view-line elementor-widget elementor-widget-divider\" data-id=\"c7400a3\" data-element_type=\"widget\" data-e-type=\"widget\" data-widget_type=\"divider.default\">\n\t\t\t\t<div class=\"elementor-widget-container\">\n\t\t\t\t\t\t\t<div class=\"elementor-divider\">\n\t\t\t<span class=\"elementor-divider-separator\">\n\t\t\t\t\t\t<\/span>\n\t\t<\/div>\n\t\t\t\t\t\t<\/div>\n\t\t\t\t<\/div>\n\t\t\t\t\t<\/div>\n\t\t<\/div>\n\t\t\t\t<div class=\"elementor-column elementor-col-33 elementor-top-column elementor-element elementor-element-8d47435\" data-id=\"8d47435\" data-element_type=\"column\" data-e-type=\"column\">\n\t\t\t<div class=\"elementor-widget-wrap elementor-element-populated\">\n\t\t\t\t\t\t<div class=\"elementor-element elementor-element-cbc37f0 elementor-widget elementor-widget-heading\" data-id=\"cbc37f0\" data-element_type=\"widget\" data-e-type=\"widget\" data-widget_type=\"heading.default\">\n\t\t\t\t<div class=\"elementor-widget-container\">\n\t\t\t\t\t<h2 class=\"elementor-heading-title elementor-size-default\">Zerbitzuak<\/h2>\t\t\t\t<\/div>\n\t\t\t\t<\/div>\n\t\t\t\t\t<\/div>\n\t\t<\/div>\n\t\t\t\t<div class=\"elementor-column elementor-col-33 elementor-top-column elementor-element elementor-element-0c14b49\" data-id=\"0c14b49\" data-element_type=\"column\" data-e-type=\"column\">\n\t\t\t<div class=\"elementor-widget-wrap elementor-element-populated\">\n\t\t\t\t\t\t<div class=\"elementor-element elementor-element-036c198 elementor-widget-divider--view-line elementor-widget elementor-widget-divider\" data-id=\"036c198\" data-element_type=\"widget\" data-e-type=\"widget\" data-widget_type=\"divider.default\">\n\t\t\t\t<div class=\"elementor-widget-container\">\n\t\t\t\t\t\t\t<div class=\"elementor-divider\">\n\t\t\t<span class=\"elementor-divider-separator\">\n\t\t\t\t\t\t<\/span>\n\t\t<\/div>\n\t\t\t\t\t\t<\/div>\n\t\t\t\t<\/div>\n\t\t\t\t\t<\/div>\n\t\t<\/div>\n\t\t\t\t\t<\/div>\n\t\t<\/section>\n\t\t\t\t<section class=\"elementor-section elementor-top-section elementor-element elementor-element-0dd7046 elementor-section-boxed elementor-section-height-default elementor-section-height-default\" data-id=\"0dd7046\" data-element_type=\"section\" data-e-type=\"section\">\n\t\t\t\t\t\t<div class=\"elementor-container elementor-column-gap-default\">\n\t\t\t\t\t<div class=\"elementor-column elementor-col-33 elementor-top-column elementor-element elementor-element-2893bf1\" data-id=\"2893bf1\" data-element_type=\"column\" data-e-type=\"column\" data-settings=\"{&quot;background_background&quot;:&quot;classic&quot;}\">\n\t\t\t<div class=\"elementor-widget-wrap elementor-element-populated\">\n\t\t\t\t\t\t<div class=\"elementor-element elementor-element-189a945 elementor-widget elementor-widget-spacer\" data-id=\"189a945\" data-element_type=\"widget\" data-e-type=\"widget\" data-widget_type=\"spacer.default\">\n\t\t\t\t<div class=\"elementor-widget-container\">\n\t\t\t\t\t\t\t<div class=\"elementor-spacer\">\n\t\t\t<div class=\"elementor-spacer-inner\"><\/div>\n\t\t<\/div>\n\t\t\t\t\t\t<\/div>\n\t\t\t\t<\/div>\n\t\t\t\t\t<\/div>\n\t\t<\/div>\n\t\t\t\t<div class=\"elementor-column elementor-col-33 elementor-top-column elementor-element elementor-element-93c54f1\" data-id=\"93c54f1\" data-element_type=\"column\" data-e-type=\"column\" data-settings=\"{&quot;background_background&quot;:&quot;classic&quot;}\">\n\t\t\t<div class=\"elementor-widget-wrap elementor-element-populated\">\n\t\t\t\t\t\t<div class=\"elementor-element elementor-element-fcb9830 elementor-widget elementor-widget-spacer\" data-id=\"fcb9830\" data-element_type=\"widget\" data-e-type=\"widget\" data-widget_type=\"spacer.default\">\n\t\t\t\t<div class=\"elementor-widget-container\">\n\t\t\t\t\t\t\t<div class=\"elementor-spacer\">\n\t\t\t<div class=\"elementor-spacer-inner\"><\/div>\n\t\t<\/div>\n\t\t\t\t\t\t<\/div>\n\t\t\t\t<\/div>\n\t\t\t\t\t<\/div>\n\t\t<\/div>\n\t\t\t\t<div class=\"elementor-column elementor-col-33 elementor-top-column elementor-element elementor-element-5988f70\" data-id=\"5988f70\" data-element_type=\"column\" data-e-type=\"column\" data-settings=\"{&quot;background_background&quot;:&quot;classic&quot;}\">\n\t\t\t<div class=\"elementor-widget-wrap elementor-element-populated\">\n\t\t\t\t\t\t<div class=\"elementor-element elementor-element-94696a9 elementor-widget elementor-widget-spacer\" data-id=\"94696a9\" data-element_type=\"widget\" data-e-type=\"widget\" data-widget_type=\"spacer.default\">\n\t\t\t\t<div class=\"elementor-widget-container\">\n\t\t\t\t\t\t\t<div class=\"elementor-spacer\">\n\t\t\t<div class=\"elementor-spacer-inner\"><\/div>\n\t\t<\/div>\n\t\t\t\t\t\t<\/div>\n\t\t\t\t<\/div>\n\t\t\t\t\t<\/div>\n\t\t<\/div>\n\t\t\t\t\t<\/div>\n\t\t<\/section>\n\t\t\t\t<section class=\"elementor-section elementor-top-section elementor-element elementor-element-2e39a70 elementor-section-boxed elementor-section-height-default elementor-section-height-default\" data-id=\"2e39a70\" data-element_type=\"section\" data-e-type=\"section\">\n\t\t\t\t\t\t<div class=\"elementor-container elementor-column-gap-default\">\n\t\t\t\t\t<div class=\"elementor-column elementor-col-33 elementor-top-column elementor-element elementor-element-abe6e82\" data-id=\"abe6e82\" data-element_type=\"column\" data-e-type=\"column\">\n\t\t\t<div class=\"elementor-widget-wrap elementor-element-populated\">\n\t\t\t\t\t\t<div class=\"elementor-element elementor-element-4ea10fc elementor-widget elementor-widget-heading\" data-id=\"4ea10fc\" data-element_type=\"widget\" data-e-type=\"widget\" data-widget_type=\"heading.default\">\n\t\t\t\t<div class=\"elementor-widget-container\">\n\t\t\t\t\t<h2 class=\"elementor-heading-title elementor-size-default\">Mantenimiento<\/h2>\t\t\t\t<\/div>\n\t\t\t\t<\/div>\n\t\t\t\t<div class=\"elementor-element elementor-element-bd6ec6f elementor-widget elementor-widget-text-editor\" data-id=\"bd6ec6f\" data-element_type=\"widget\" data-e-type=\"widget\" data-widget_type=\"text-editor.default\">\n\t\t\t\t<div class=\"elementor-widget-container\">\n\t\t\t\t\t\t\t\t\t<p>Nuestro experimentado equipo ofrece servicios integrales de mantenimiento para hogares, espacios comunitarios y empresas peque\u00f1as y medianas. Desde reparaciones menores hasta renovaciones mayores, nos esforzamos por la satisfacci\u00f3n del cliente.<\/p>\t\t\t\t\t\t\t\t<\/div>\n\t\t\t\t<\/div>\n\t\t\t\t\t<\/div>\n\t\t<\/div>\n\t\t\t\t<div class=\"elementor-column elementor-col-33 elementor-top-column elementor-element elementor-element-fbb5262\" data-id=\"fbb5262\" data-element_type=\"column\" data-e-type=\"column\">\n\t\t\t<div class=\"elementor-widget-wrap elementor-element-populated\">\n\t\t\t\t\t\t<div class=\"elementor-element elementor-element-f4cd384 elementor-widget elementor-widget-heading\" data-id=\"f4cd384\" data-element_type=\"widget\" data-e-type=\"widget\" data-widget_type=\"heading.default\">\n\t\t\t\t<div class=\"elementor-widget-container\">\n\t\t\t\t\t<h2 class=\"elementor-heading-title elementor-size-default\">Instalaciones<\/h2>\t\t\t\t<\/div>\n\t\t\t\t<\/div>\n\t\t\t\t<div class=\"elementor-element elementor-element-f5c52d6 elementor-widget elementor-widget-text-editor\" data-id=\"f5c52d6\" data-element_type=\"widget\" data-e-type=\"widget\" data-widget_type=\"text-editor.default\">\n\t\t\t\t<div class=\"elementor-widget-container\">\n\t\t\t\t\t\t\t\t\t<p>Nuestro equipo de expertos ofrece servicios de instalaci\u00f3n para propietarios de hogares, peque\u00f1as empresas y \u00e1reas comunales. Contamos con experiencia en proyectos de todos los tama\u00f1os y damos prioridad a la satisfacci\u00f3n del cliente.<\/p>\t\t\t\t\t\t\t\t<\/div>\n\t\t\t\t<\/div>\n\t\t\t\t\t<\/div>\n\t\t<\/div>\n\t\t\t\t<div class=\"elementor-column elementor-col-33 elementor-top-column elementor-element elementor-element-feca087\" data-id=\"feca087\" data-element_type=\"column\" data-e-type=\"column\">\n\t\t\t<div class=\"elementor-widget-wrap elementor-element-populated\">\n\t\t\t\t\t\t<div class=\"elementor-element elementor-element-d1320ff elementor-widget elementor-widget-heading\" data-id=\"d1320ff\" data-element_type=\"widget\" data-e-type=\"widget\" data-widget_type=\"heading.default\">\n\t\t\t\t<div class=\"elementor-widget-container\">\n\t\t\t\t\t<h2 class=\"elementor-heading-title elementor-size-default\">Reparaciones<\/h2>\t\t\t\t<\/div>\n\t\t\t\t<\/div>\n\t\t\t\t<div class=\"elementor-element elementor-element-68f9b9e elementor-widget elementor-widget-text-editor\" data-id=\"68f9b9e\" data-element_type=\"widget\" data-e-type=\"widget\" data-widget_type=\"text-editor.default\">\n\t\t\t\t<div class=\"elementor-widget-container\">\n\t\t\t\t\t\t\t\t\t<p>Nuestro experimentado equipo ofrece desde<span style=\"color: var( --e-global-color-text ); font-family: var( --e-global-typography-text-font-family ), Sans-serif; font-weight: var( --e-global-typography-text-font-weight ); font-size: 1rem;\">\u00a0una peque\u00f1a reparaci\u00f3n o una gran renovaci\u00f3n, entregamos trabajos de calidad a tiempo y dentro del presupuesto.<\/span><\/p>\t\t\t\t\t\t\t\t<\/div>\n\t\t\t\t<\/div>\n\t\t\t\t\t<\/div>\n\t\t<\/div>\n\t\t\t\t\t<\/div>\n\t\t<\/section>\n\t\t\t\t<\/div>","protected":false},"excerpt":{"rendered":"<p>Servicios Mantenimiento Nuestro experimentado equipo ofrece servicios integrales de mantenimiento para hogares, espacios comunitarios y empresas peque\u00f1as y medianas. Desde reparaciones menores hasta renovaciones mayores, nos esforzamos por la satisfacci\u00f3n del cliente. Instalaciones Nuestro equipo de expertos ofrece servicios de instalaci\u00f3n para propietarios de hogares, peque\u00f1as empresas y \u00e1reas comunales. Contamos con experiencia en proyectos [&hellip;]<\/p>\n","protected":false},"author":1,"featured_media":0,"parent":0,"menu_order":0,"comment_status":"closed","ping_status":"closed","template":"","meta":{"footnotes":""},"class_list":["post-13","page","type-page","status-publish","hentry"],"yoast_head":"<!-- This site is optimized with the Yoast SEO plugin v27.3 - https:\/\/yoast.com\/product\/yoast-seo-wordpress\/ -->\n<title>Servicios - MAS Bizkaia<\/title>\n<meta name=\"robots\" content=\"index, follow, max-snippet:-1, max-image-preview:large, max-video-preview:-1\" \/>\n<link rel=\"canonical\" href=\"https:\/\/masbizkaia.com\/eu\/servicios\/\" \/>\n<meta property=\"og:locale\" content=\"en_US\" \/>\n<meta property=\"og:type\" content=\"article\" \/>\n<meta property=\"og:title\" content=\"Servicios - MAS Bizkaia\" \/>\n<meta property=\"og:description\" content=\"Servicios Mantenimiento Nuestro experimentado equipo ofrece servicios integrales de mantenimiento para hogares, espacios comunitarios y empresas peque\u00f1as y medianas. Desde reparaciones menores hasta renovaciones mayores, nos esforzamos por la satisfacci\u00f3n del cliente. Instalaciones Nuestro equipo de expertos ofrece servicios de instalaci\u00f3n para propietarios de hogares, peque\u00f1as empresas y \u00e1reas comunales. Contamos con experiencia en proyectos [&hellip;]\" \/>\n<meta property=\"og:url\" content=\"https:\/\/masbizkaia.com\/eu\/servicios\/\" \/>\n<meta property=\"og:site_name\" content=\"MAS Bizkaia\" \/>\n<meta property=\"article:modified_time\" content=\"2023-09-04T10:17:18+00:00\" \/>\n<meta name=\"twitter:card\" content=\"summary_large_image\" \/>\n<meta name=\"twitter:label1\" content=\"Est. reading time\" \/>\n\t<meta name=\"twitter:data1\" content=\"1 minutua\" \/>\n<script type=\"application\/ld+json\" class=\"yoast-schema-graph\">{\"@context\":\"https:\\\/\\\/schema.org\",\"@graph\":[{\"@type\":\"WebPage\",\"@id\":\"https:\\\/\\\/masbizkaia.com\\\/servicios\\\/\",\"url\":\"https:\\\/\\\/masbizkaia.com\\\/servicios\\\/\",\"name\":\"Servicios - MAS Bizkaia\",\"isPartOf\":{\"@id\":\"https:\\\/\\\/masbizkaia.com\\\/#website\"},\"datePublished\":\"2023-09-01T14:45:05+00:00\",\"dateModified\":\"2023-09-04T10:17:18+00:00\",\"breadcrumb\":{\"@id\":\"https:\\\/\\\/masbizkaia.com\\\/servicios\\\/#breadcrumb\"},\"inLanguage\":\"eu\",\"potentialAction\":[{\"@type\":\"ReadAction\",\"target\":[\"https:\\\/\\\/masbizkaia.com\\\/servicios\\\/\"]}]},{\"@type\":\"BreadcrumbList\",\"@id\":\"https:\\\/\\\/masbizkaia.com\\\/servicios\\\/#breadcrumb\",\"itemListElement\":[{\"@type\":\"ListItem\",\"position\":1,\"name\":\"Portada\",\"item\":\"https:\\\/\\\/masbizkaia.com\\\/\"},{\"@type\":\"ListItem\",\"position\":2,\"name\":\"Servicios\"}]},{\"@type\":\"WebSite\",\"@id\":\"https:\\\/\\\/masbizkaia.com\\\/#website\",\"url\":\"https:\\\/\\\/masbizkaia.com\\\/\",\"name\":\"MAS Bizkaia\",\"description\":\"\",\"publisher\":{\"@id\":\"https:\\\/\\\/masbizkaia.com\\\/#organization\"},\"potentialAction\":[{\"@type\":\"SearchAction\",\"target\":{\"@type\":\"EntryPoint\",\"urlTemplate\":\"https:\\\/\\\/masbizkaia.com\\\/?s={search_term_string}\"},\"query-input\":{\"@type\":\"PropertyValueSpecification\",\"valueRequired\":true,\"valueName\":\"search_term_string\"}}],\"inLanguage\":\"eu\"},{\"@type\":\"Organization\",\"@id\":\"https:\\\/\\\/masbizkaia.com\\\/#organization\",\"name\":\"MAS Bizkaia\",\"url\":\"https:\\\/\\\/masbizkaia.com\\\/\",\"logo\":{\"@type\":\"ImageObject\",\"inLanguage\":\"eu\",\"@id\":\"https:\\\/\\\/masbizkaia.com\\\/#\\\/schema\\\/logo\\\/image\\\/\",\"url\":\"https:\\\/\\\/masbizkaia.com\\\/wp-content\\\/uploads\\\/2023\\\/09\\\/cropped-LOGO-MASBizkaia-MAS-Bizkaia-Mantenimiento-Asistencia-Servicios.png\",\"contentUrl\":\"https:\\\/\\\/masbizkaia.com\\\/wp-content\\\/uploads\\\/2023\\\/09\\\/cropped-LOGO-MASBizkaia-MAS-Bizkaia-Mantenimiento-Asistencia-Servicios.png\",\"width\":825,\"height\":235,\"caption\":\"MAS Bizkaia\"},\"image\":{\"@id\":\"https:\\\/\\\/masbizkaia.com\\\/#\\\/schema\\\/logo\\\/image\\\/\"}}]}<\/script>\n<!-- \/ Yoast SEO plugin. -->","yoast_head_json":{"title":"Servicios - MAS Bizkaia","robots":{"index":"index","follow":"follow","max-snippet":"max-snippet:-1","max-image-preview":"max-image-preview:large","max-video-preview":"max-video-preview:-1"},"canonical":"https:\/\/masbizkaia.com\/eu\/servicios\/","og_locale":"en_US","og_type":"article","og_title":"Servicios - MAS Bizkaia","og_description":"Servicios Mantenimiento Nuestro experimentado equipo ofrece servicios integrales de mantenimiento para hogares, espacios comunitarios y empresas peque\u00f1as y medianas. Desde reparaciones menores hasta renovaciones mayores, nos esforzamos por la satisfacci\u00f3n del cliente. Instalaciones Nuestro equipo de expertos ofrece servicios de instalaci\u00f3n para propietarios de hogares, peque\u00f1as empresas y \u00e1reas comunales. Contamos con experiencia en proyectos [&hellip;]","og_url":"https:\/\/masbizkaia.com\/eu\/servicios\/","og_site_name":"MAS Bizkaia","article_modified_time":"2023-09-04T10:17:18+00:00","twitter_card":"summary_large_image","twitter_misc":{"Est. reading time":"1 minutua"},"schema":{"@context":"https:\/\/schema.org","@graph":[{"@type":"WebPage","@id":"https:\/\/masbizkaia.com\/servicios\/","url":"https:\/\/masbizkaia.com\/servicios\/","name":"Servicios - MAS Bizkaia","isPartOf":{"@id":"https:\/\/masbizkaia.com\/#website"},"datePublished":"2023-09-01T14:45:05+00:00","dateModified":"2023-09-04T10:17:18+00:00","breadcrumb":{"@id":"https:\/\/masbizkaia.com\/servicios\/#breadcrumb"},"inLanguage":"eu","potentialAction":[{"@type":"ReadAction","target":["https:\/\/masbizkaia.com\/servicios\/"]}]},{"@type":"BreadcrumbList","@id":"https:\/\/masbizkaia.com\/servicios\/#breadcrumb","itemListElement":[{"@type":"ListItem","position":1,"name":"Portada","item":"https:\/\/masbizkaia.com\/"},{"@type":"ListItem","position":2,"name":"Servicios"}]},{"@type":"WebSite","@id":"https:\/\/masbizkaia.com\/#website","url":"https:\/\/masbizkaia.com\/","name":"MAS Bizkaia","description":"","publisher":{"@id":"https:\/\/masbizkaia.com\/#organization"},"potentialAction":[{"@type":"SearchAction","target":{"@type":"EntryPoint","urlTemplate":"https:\/\/masbizkaia.com\/?s={search_term_string}"},"query-input":{"@type":"PropertyValueSpecification","valueRequired":true,"valueName":"search_term_string"}}],"inLanguage":"eu"},{"@type":"Organization","@id":"https:\/\/masbizkaia.com\/#organization","name":"MAS Bizkaia","url":"https:\/\/masbizkaia.com\/","logo":{"@type":"ImageObject","inLanguage":"eu","@id":"https:\/\/masbizkaia.com\/#\/schema\/logo\/image\/","url":"https:\/\/masbizkaia.com\/wp-content\/uploads\/2023\/09\/cropped-LOGO-MASBizkaia-MAS-Bizkaia-Mantenimiento-Asistencia-Servicios.png","contentUrl":"https:\/\/masbizkaia.com\/wp-content\/uploads\/2023\/09\/cropped-LOGO-MASBizkaia-MAS-Bizkaia-Mantenimiento-Asistencia-Servicios.png","width":825,"height":235,"caption":"MAS Bizkaia"},"image":{"@id":"https:\/\/masbizkaia.com\/#\/schema\/logo\/image\/"}}]}},"_links":{"self":[{"href":"https:\/\/masbizkaia.com\/eu\/wp-json\/wp\/v2\/pages\/13","targetHints":{"allow":["GET"]}}],"collection":[{"href":"https:\/\/masbizkaia.com\/eu\/wp-json\/wp\/v2\/pages"}],"about":[{"href":"https:\/\/masbizkaia.com\/eu\/wp-json\/wp\/v2\/types\/page"}],"author":[{"embeddable":true,"href":"https:\/\/masbizkaia.com\/eu\/wp-json\/wp\/v2\/users\/1"}],"replies":[{"embeddable":true,"href":"https:\/\/masbizkaia.com\/eu\/wp-json\/wp\/v2\/comments?post=13"}],"version-history":[{"count":16,"href":"https:\/\/masbizkaia.com\/eu\/wp-json\/wp\/v2\/pages\/13\/revisions"}],"predecessor-version":[{"id":191,"href":"https:\/\/masbizkaia.com\/eu\/wp-json\/wp\/v2\/pages\/13\/revisions\/191"}],"wp:attachment":[{"href":"https:\/\/masbizkaia.com\/eu\/wp-json\/wp\/v2\/media?parent=13"}],"curies":[{"name":"wp","href":"https:\/\/api.w.org\/{rel}","templated":true}]}}